{"id":29,"date":"2020-09-30T17:52:56","date_gmt":"2020-09-30T15:52:56","guid":{"rendered":"http:\/\/sc52172-logic.home.amu.edu.pl\/?page_id=29"},"modified":"2021-10-05T13:01:38","modified_gmt":"2021-10-05T11:01:38","slug":"research-projects","status":"publish","type":"page","link":"http:\/\/sc52172.home.amu.edu.pl\/?page_id=29","title":{"rendered":"Research projects"},"content":{"rendered":"\n<p><strong>Opiekun:<\/strong><\/p>\n\n\n\n<p><a href=\"https:\/\/thelarch.notion.site\/thelarch\/Larch-73c9d52748e64d4b83e2812e458b7c44\">Larch<\/a> &#8211; studencki projekt po\u015bwi\u0119cony konstrukcji platformy do u\u0142atwienia nauki logiki<\/p>\n\n\n\n<p><strong>Wykonawca:<\/strong><\/p>\n\n\n\n<p><a href=\"https:\/\/ddsuam.wordpress.com\/2018\/03\/15\/home\/\">Distributive Deductive Systems for Classical and Non-classical Logics. Proof theory supported with computational&nbsp;methods<\/a> <\/p>\n\n\n\n<p><a href=\"https:\/\/projekty.ncn.gov.pl\/index.php?projekt_id=292764\">Aksjomaty ekstremalne: aspekty logiczne, matematyczne i kognitywne<\/a><\/p>\n\n\n\n<p><a href=\"https:\/\/intquestpro.wordpress.com\/\">Erotetic logic in the modeling of ultimate and distributed question processing. Theoretical foundations and applications<\/a><\/p>\n","protected":false},"excerpt":{"rendered":"<p>Opiekun: Larch &#8211; studencki projekt po\u015bwi\u0119cony konstrukcji platformy do u\u0142atwienia nauki logiki Wykonawca: Distributive Deductive Systems for Classical and Non-classical Logics. Proof theory supported with computational&nbsp;methods Aksjomaty ekstremalne: aspekty logiczne, matematyczne i kognitywne Erotetic logic in the modeling of ultimate and distributed question processing. Theoretical foundations and applications<\/p>\n","protected":false},"author":1,"featured_media":0,"parent":0,"menu_order":0,"comment_status":"closed","ping_status":"closed","template":"","meta":[],"_links":{"self":[{"href":"http:\/\/sc52172.home.amu.edu.pl\/index.php?rest_route=\/wp\/v2\/pages\/29"}],"collection":[{"href":"http:\/\/sc52172.home.amu.edu.pl\/index.php?rest_route=\/wp\/v2\/pages"}],"about":[{"href":"http:\/\/sc52172.home.amu.edu.pl\/index.php?rest_route=\/wp\/v2\/types\/page"}],"author":[{"embeddable":true,"href":"http:\/\/sc52172.home.amu.edu.pl\/index.php?rest_route=\/wp\/v2\/users\/1"}],"replies":[{"embeddable":true,"href":"http:\/\/sc52172.home.amu.edu.pl\/index.php?rest_route=%2Fwp%2Fv2%2Fcomments&post=29"}],"version-history":[{"count":6,"href":"http:\/\/sc52172.home.amu.edu.pl\/index.php?rest_route=\/wp\/v2\/pages\/29\/revisions"}],"predecessor-version":[{"id":109,"href":"http:\/\/sc52172.home.amu.edu.pl\/index.php?rest_route=\/wp\/v2\/pages\/29\/revisions\/109"}],"wp:attachment":[{"href":"http:\/\/sc52172.home.amu.edu.pl\/index.php?rest_route=%2Fwp%2Fv2%2Fmedia&parent=29"}],"curies":[{"name":"wp","href":"https:\/\/api.w.org\/{rel}","templated":true}]}}