{"id":21,"date":"2020-09-30T17:41:25","date_gmt":"2020-09-30T15:41:25","guid":{"rendered":"http:\/\/sc52172-logic.home.amu.edu.pl\/?page_id=21"},"modified":"2025-10-01T08:57:16","modified_gmt":"2025-10-01T06:57:16","slug":"contact","status":"publish","type":"page","link":"http:\/\/sc52172.home.amu.edu.pl\/?page_id=21","title":{"rendered":"Contact"},"content":{"rendered":"\n<p>Szamarzewskiego 89, 60-568 Pozna\u0144<\/p>\n\n\n\n<p>budynek AB, pok\u00f3j 97<\/p>\n\n\n\n<p>Dy\u017cury w semestrze letnim 2025:<\/p>\n\n\n\n<p>     <strong>Pi\u0105tek: 10.00 &#8211; 11.00<\/strong><\/p>\n\n\n\n<p>email: szymon.chlebowski@amu.edu.pl<\/p>\n","protected":false},"excerpt":{"rendered":"<p>Szamarzewskiego 89, 60-568 Pozna\u0144 budynek AB, pok\u00f3j 97 Dy\u017cury w semestrze letnim 2025: Pi\u0105tek: 10.00 &#8211; 11.00 email: szymon.chlebowski@amu.edu.pl<\/p>\n","protected":false},"author":1,"featured_media":0,"parent":0,"menu_order":0,"comment_status":"closed","ping_status":"closed","template":"","meta":[],"_links":{"self":[{"href":"http:\/\/sc52172.home.amu.edu.pl\/index.php?rest_route=\/wp\/v2\/pages\/21"}],"collection":[{"href":"http:\/\/sc52172.home.amu.edu.pl\/index.php?rest_route=\/wp\/v2\/pages"}],"about":[{"href":"http:\/\/sc52172.home.amu.edu.pl\/index.php?rest_route=\/wp\/v2\/types\/page"}],"author":[{"embeddable":true,"href":"http:\/\/sc52172.home.amu.edu.pl\/index.php?rest_route=\/wp\/v2\/users\/1"}],"replies":[{"embeddable":true,"href":"http:\/\/sc52172.home.amu.edu.pl\/index.php?rest_route=%2Fwp%2Fv2%2Fcomments&post=21"}],"version-history":[{"count":8,"href":"http:\/\/sc52172.home.amu.edu.pl\/index.php?rest_route=\/wp\/v2\/pages\/21\/revisions"}],"predecessor-version":[{"id":376,"href":"http:\/\/sc52172.home.amu.edu.pl\/index.php?rest_route=\/wp\/v2\/pages\/21\/revisions\/376"}],"wp:attachment":[{"href":"http:\/\/sc52172.home.amu.edu.pl\/index.php?rest_route=%2Fwp%2Fv2%2Fmedia&parent=21"}],"curies":[{"name":"wp","href":"https:\/\/api.w.org\/{rel}","templated":true}]}}